{"id":41,"date":"2018-01-30T20:31:28","date_gmt":"2018-01-30T20:31:28","guid":{"rendered":"https:\/\/artdimensions.net\/?page_id=41"},"modified":"2025-02-16T14:06:26","modified_gmt":"2025-02-16T12:06:26","slug":"frontpage","status":"publish","type":"page","link":"https:\/\/netandwork.ch\/","title":{"rendered":""},"content":{"rendered":"<h4><b>Willkommen bei der net&amp;work GmbH<\/b><\/h4>\n<p>Danke, dass Sie uns besuchen!<\/p>\n<p>Aufgrund von knappen Ressourcen \u00a0haben wir unser Angebot auf unsere Bestandskunden beschr\u00e4nken m\u00fcssen.<\/p>\n<p>&nbsp;<\/p>\n<p>Freundliche Gr\u00fcsse<\/p>\n<p>Ihr net&amp;work team<\/p>\n","protected":false},"excerpt":{"rendered":"<p>Willkommen bei der net&amp;work GmbH Danke, dass Sie uns besuchen! Aufgrund von knappen Ressourcen \u00a0haben wir unser Angebot auf unsere Bestandskunden beschr\u00e4nken m\u00fcssen. &nbsp; Freundliche Gr\u00fcsse Ihr net&amp;work team<\/p>\n","protected":false},"author":2,"featured_media":0,"parent":0,"menu_order":0,"comment_status":"closed","ping_status":"closed","template":"","meta":{"footnotes":""},"class_list":["post-41","page","type-page","status-publish","hentry"],"_links":{"self":[{"href":"https:\/\/netandwork.ch\/index.php?rest_route=\/wp\/v2\/pages\/41","targetHints":{"allow":["GET"]}}],"collection":[{"href":"https:\/\/netandwork.ch\/index.php?rest_route=\/wp\/v2\/pages"}],"about":[{"href":"https:\/\/netandwork.ch\/index.php?rest_route=\/wp\/v2\/types\/page"}],"author":[{"embeddable":true,"href":"https:\/\/netandwork.ch\/index.php?rest_route=\/wp\/v2\/users\/2"}],"replies":[{"embeddable":true,"href":"https:\/\/netandwork.ch\/index.php?rest_route=%2Fwp%2Fv2%2Fcomments&post=41"}],"version-history":[{"count":3,"href":"https:\/\/netandwork.ch\/index.php?rest_route=\/wp\/v2\/pages\/41\/revisions"}],"predecessor-version":[{"id":215,"href":"https:\/\/netandwork.ch\/index.php?rest_route=\/wp\/v2\/pages\/41\/revisions\/215"}],"wp:attachment":[{"href":"https:\/\/netandwork.ch\/index.php?rest_route=%2Fwp%2Fv2%2Fmedia&parent=41"}],"curies":[{"name":"wp","href":"https:\/\/api.w.org\/{rel}","templated":true}]}}